{"id":20215,"date":"2023-06-13T09:53:29","date_gmt":"2023-06-13T09:53:29","guid":{"rendered":"https:\/\/ratodom.pl\/?page_id=20215"},"modified":"2026-04-28T17:37:00","modified_gmt":"2026-04-28T17:37:00","slug":"wasp-control-in-warsaw","status":"publish","type":"page","link":"https:\/\/ratodom.pl\/en\/wasp-control-in-warsaw\/","title":{"rendered":"Wasp Control in Warsaw"},"content":{"rendered":"\t\t<div data-elementor-type=\"wp-page\" data-elementor-id=\"20215\" class=\"elementor elementor-20215 elementor-1704\" data-elementor-post-type=\"page\">\n\t\t\t\t\t\t<section class=\"wd-negative-gap elementor-section elementor-top-section elementor-element elementor-element-1c016c6 elementor-section-boxed elementor-section-height-default elementor-section-height-default\" data-id=\"1c016c6\" data-element_type=\"section\" data-e-type=\"section\" data-settings=\"{&quot;background_background&quot;:&quot;classic&quot;}\">\n\t\t\t\t\t\t\t<div class=\"elementor-background-overlay\"><\/div>\n\t\t\t\t\t\t\t<div class=\"elementor-container elementor-column-gap-default\">\n\t\t\t\t\t<div class=\"elementor-column elementor-col-100 elementor-top-column elementor-element elementor-element-b77b3d2\" data-id=\"b77b3d2\" data-element_type=\"column\" data-e-type=\"column\">\n\t\t\t<div class=\"elementor-widget-wrap elementor-element-populated\">\n\t\t\t\t\t\t<div class=\"elementor-element elementor-element-79c6e1e wd-width-100 elementor-widget elementor-widget-wd_title\" data-id=\"79c6e1e\" data-element_type=\"widget\" data-e-type=\"widget\" data-widget_type=\"wd_title.default\">\n\t\t\t\t<div class=\"elementor-widget-container\">\n\t\t\t\t\t\t\t<div class=\"title-wrapper wd-set-mb reset-last-child wd-title-color-default wd-title-style-default wd-title-size-default text-center\">\n\n\t\t\t\t\t\t\t\t\t\t\t<div class=\"title-subtitle subtitle-color-default subtitle-style-default wd-fontsize-xs\">\n\t\t\t\t\tEFFECTIVENESS GUARANTEE AND SAFETY\t\t\t\t<\/div>\n\t\t\t\n\t\t\t<div class=\"liner-continer\">\n\t\t\t\t<h2 class=\"woodmart-title-container title wd-fontsize-l\">Wasp Nest Removal in Warsaw \u2013 effective protection from danger<\/h2> \n\t\t\t\t\t\t\t<\/div>\n\n\t\t\t\t\t<\/div>\n\t\t\t\t\t\t<\/div>\n\t\t\t\t<\/div>\n\t\t\t\t\t<link rel=\"stylesheet\" id=\"wd-mod-animations-keyframes-css\" href=\"https:\/\/ratodom.pl\/wp-content\/themes\/woodmart\/css\/parts\/mod-animations-keyframes.min.css?ver=8.4.1\" type=\"text\/css\" media=\"all\" \/> \t\t\t\t\t<div class=\"elementor-element elementor-element-fd03f1c elementor-widget-divider--view-line elementor-invisible elementor-widget elementor-widget-divider\" data-id=\"fd03f1c\" data-element_type=\"widget\" data-e-type=\"widget\" data-settings=\"{&quot;_animation&quot;:&quot;fadeIn&quot;}\" data-widget_type=\"divider.default\">\n\t\t\t\t<div class=\"elementor-widget-container\">\n\t\t\t\t\t\t\t<div class=\"elementor-divider\">\n\t\t\t<span class=\"elementor-divider-separator\">\n\t\t\t\t\t\t<\/span>\n\t\t<\/div>\n\t\t\t\t\t\t<\/div>\n\t\t\t\t<\/div>\n\t\t\t\t<div class=\"elementor-element elementor-element-a01de78 color-scheme-inherit text-left elementor-widget elementor-widget-text-editor\" data-id=\"a01de78\" data-element_type=\"widget\" data-e-type=\"widget\" data-widget_type=\"text-editor.default\">\n\t\t\t\t<div class=\"elementor-widget-container\">\n\t\t\t\t\t\t\t\t\t<p>Wasp nest removal in Warsaw is a service that should be carried out as soon as insects are noticed near your home or workplace. Wasps and hornets can pose a serious threat to health and safety\u2014especially for people who are allergic to their stings.<\/p>\t\t\t\t\t\t\t\t<\/div>\n\t\t\t\t<\/div>\n\t\t\t\t<div class=\"elementor-element elementor-element-158ae9e elementor-widget elementor-widget-image\" data-id=\"158ae9e\" data-element_type=\"widget\" data-e-type=\"widget\" data-widget_type=\"image.default\">\n\t\t\t\t<div class=\"elementor-widget-container\">\n\t\t\t\t\t\t\t\t\t\t\t\t\t\t\t<img decoding=\"async\" width=\"1200\" height=\"675\" data-src=\"https:\/\/ratodom.pl\/wp-content\/uploads\/scale_1200.jpg\" class=\"attachment-full size-full wp-image-16500 lazyload\" alt=\"Usuwanie gniazd os Warszawa\" data-srcset=\"https:\/\/ratodom.pl\/wp-content\/uploads\/\/scale_1200.jpg 1200w, https:\/\/ratodom.pl\/wp-content\/uploads\/\/scale_1200-400x225.jpg 400w, https:\/\/ratodom.pl\/wp-content\/uploads\/\/scale_1200-768x432.jpg 768w, https:\/\/ratodom.pl\/wp-content\/uploads\/\/scale_1200-860x484.jpg 860w, https:\/\/ratodom.pl\/wp-content\/uploads\/\/scale_1200-430x242.jpg 430w, https:\/\/ratodom.pl\/wp-content\/uploads\/\/scale_1200-700x394.jpg 700w, https:\/\/ratodom.pl\/wp-content\/uploads\/\/scale_1200-150x84.jpg 150w\" data-sizes=\"(max-width: 1200px) 100vw, 1200px\" src=\"data:image\/svg+xml;base64,PHN2ZyB3aWR0aD0iMSIgaGVpZ2h0PSIxIiB4bWxucz0iaHR0cDovL3d3dy53My5vcmcvMjAwMC9zdmciPjwvc3ZnPg==\" style=\"--smush-placeholder-width: 1200px; --smush-placeholder-aspect-ratio: 1200\/675;\" \/>\t\t\t\t\t\t\t\t\t\t\t\t\t\t\t<\/div>\n\t\t\t\t<\/div>\n\t\t\t\t<div class=\"elementor-element elementor-element-654b837 color-scheme-inherit text-left elementor-widget elementor-widget-text-editor\" data-id=\"654b837\" data-element_type=\"widget\" data-e-type=\"widget\" data-widget_type=\"text-editor.default\">\n\t\t\t\t<div class=\"elementor-widget-container\">\n\t\t\t\t\t\t\t\t\t<p data-start=\"76\" data-end=\"333\">Wasps and hornets are aggressive and potentially dangerous, especially during the summer season. Their nests are often built in roof spaces, attics, garden structures, or roller shutter boxes. They can be difficult to detect until they become a real threat.<\/p><p data-start=\"335\" data-end=\"532\">That\u2019s why wasp nest removal in Warsaw should not be delayed. Attempting to remove nests on your own often results in painful stings or allergic reactions. Professional intervention ensures safety.<\/p>\t\t\t\t\t\t\t\t<\/div>\n\t\t\t\t<\/div>\n\t\t\t\t<div class=\"elementor-element elementor-element-bf6014e wd-width-100 elementor-widget elementor-widget-wd_title\" data-id=\"bf6014e\" data-element_type=\"widget\" data-e-type=\"widget\" data-widget_type=\"wd_title.default\">\n\t\t\t\t<div class=\"elementor-widget-container\">\n\t\t\t\t\t\t\t<div class=\"title-wrapper wd-set-mb reset-last-child wd-title-color-default wd-title-style-default wd-title-size-default text-center\">\n\n\t\t\t\n\t\t\t<div class=\"liner-continer\">\n\t\t\t\t<h2 class=\"woodmart-title-container title wd-fontsize-l\">WASP NEST REMOVAL IN WARSAW \u2013 SAFETY FIRST<\/h2> \n\t\t\t\t\t\t\t<\/div>\n\n\t\t\t\t\t<\/div>\n\t\t\t\t\t\t<\/div>\n\t\t\t\t<\/div>\n\t\t\t\t<div class=\"elementor-element elementor-element-441a296 color-scheme-inherit text-left elementor-widget elementor-widget-text-editor\" data-id=\"441a296\" data-element_type=\"widget\" data-e-type=\"widget\" data-widget_type=\"text-editor.default\">\n\t\t\t\t<div class=\"elementor-widget-container\">\n\t\t\t\t\t\t\t\t\t<p>We use professional-grade products that are effective while remaining safe for people and pets. All work is carried out in compliance with safety regulations, and our technicians have extensive experience in dealing with stinging insects.<\/p>\t\t\t\t\t\t\t\t<\/div>\n\t\t\t\t<\/div>\n\t\t\t\t<div class=\"elementor-element elementor-element-fb2ce91 wd-width-100 elementor-widget elementor-widget-wd_title\" data-id=\"fb2ce91\" data-element_type=\"widget\" data-e-type=\"widget\" data-widget_type=\"wd_title.default\">\n\t\t\t\t<div class=\"elementor-widget-container\">\n\t\t\t\t\t\t\t<div class=\"title-wrapper wd-set-mb reset-last-child wd-title-color-default wd-title-style-default wd-title-size-default text-center\">\n\n\t\t\t\n\t\t\t<div class=\"liner-continer\">\n\t\t\t\t<h2 class=\"woodmart-title-container title wd-fontsize-l\">HORNET NEST REMOVAL \u2013 AN EVEN GREATER CHALLENGE<\/h2> \n\t\t\t\t\t\t\t<\/div>\n\n\t\t\t\t\t<\/div>\n\t\t\t\t\t\t<\/div>\n\t\t\t\t<\/div>\n\t\t\t\t<div class=\"elementor-element elementor-element-ab7bdf2 color-scheme-inherit text-left elementor-widget elementor-widget-text-editor\" data-id=\"ab7bdf2\" data-element_type=\"widget\" data-e-type=\"widget\" data-widget_type=\"text-editor.default\">\n\t\t\t\t<div class=\"elementor-widget-container\">\n\t\t\t\t\t\t\t\t\t<p data-start=\"893\" data-end=\"1165\">Hornets are larger and more dangerous than wasps. Their nests are often located in hard-to-reach places such as chimneys, cavities, or under building facades. Wasp and hornet nest removal\u2014especially in the case of hornets\u2014should only be carried out by trained specialists.<\/p>\t\t\t\t\t\t\t\t<\/div>\n\t\t\t\t<\/div>\n\t\t\t\t\t<\/div>\n\t\t<\/div>\n\t\t\t\t\t<\/div>\n\t\t<\/section>\n\t\t\t\t<section class=\"wd-negative-gap elementor-section elementor-top-section elementor-element elementor-element-ea86293 elementor-section-boxed elementor-section-height-default elementor-section-height-default\" data-id=\"ea86293\" data-element_type=\"section\" data-e-type=\"section\" data-settings=\"{&quot;background_background&quot;:&quot;classic&quot;}\">\n\t\t\t\t\t\t<div class=\"elementor-container elementor-column-gap-no\">\n\t\t\t\t\t<div class=\"elementor-column elementor-col-100 elementor-top-column elementor-element elementor-element-1a270da\" data-id=\"1a270da\" data-element_type=\"column\" data-e-type=\"column\">\n\t\t\t<div class=\"elementor-widget-wrap elementor-element-populated\">\n\t\t\t\t\t\t<div class=\"elementor-element elementor-element-04ac89e wd-width-100 elementor-widget elementor-widget-wd_title\" data-id=\"04ac89e\" data-element_type=\"widget\" data-e-type=\"widget\" data-widget_type=\"wd_title.default\">\n\t\t\t\t<div class=\"elementor-widget-container\">\n\t\t\t\t\t\t\t<div class=\"title-wrapper wd-set-mb reset-last-child wd-title-color-default wd-title-style-default wd-title-size-default text-center\">\n\n\t\t\t\n\t\t\t<div class=\"liner-continer\">\n\t\t\t\t<h2 class=\"woodmart-title-container title wd-fontsize-l\">HOW TO IDENTIFY A WASP NEST?<\/h2> \n\t\t\t\t\t\t\t<\/div>\n\n\t\t\t\t\t<\/div>\n\t\t\t\t\t\t<\/div>\n\t\t\t\t<\/div>\n\t\t\t\t<div class=\"elementor-element elementor-element-97714b1 elementor-widget-divider--view-line elementor-invisible elementor-widget elementor-widget-divider\" data-id=\"97714b1\" data-element_type=\"widget\" data-e-type=\"widget\" data-settings=\"{&quot;_animation&quot;:&quot;fadeIn&quot;}\" data-widget_type=\"divider.default\">\n\t\t\t\t<div class=\"elementor-widget-container\">\n\t\t\t\t\t\t\t<div class=\"elementor-divider\">\n\t\t\t<span class=\"elementor-divider-separator\">\n\t\t\t\t\t\t<\/span>\n\t\t<\/div>\n\t\t\t\t\t\t<\/div>\n\t\t\t\t<\/div>\n\t\t\t\t<div class=\"elementor-element elementor-element-3bca7b5 color-scheme-inherit text-left elementor-widget elementor-widget-text-editor\" data-id=\"3bca7b5\" data-element_type=\"widget\" data-e-type=\"widget\" data-widget_type=\"text-editor.default\">\n\t\t\t\t<div class=\"elementor-widget-container\">\n\t\t\t\t\t\t\t\t\t<p data-start=\"1210\" data-end=\"1232\"><strong>Typical signs include:\u00a0<\/strong><\/p><ul data-start=\"1234\" data-end=\"1436\"><li data-section-id=\"1fj0wsh\" data-start=\"1234\" data-end=\"1280\">increased wasp activity in a specific area<\/li><li data-section-id=\"w4l4wv\" data-start=\"1281\" data-end=\"1335\">buzzing sounds coming from walls, roofs, or attics<\/li><li data-section-id=\"1emjsyh\" data-start=\"1336\" data-end=\"1386\">visible paper-like nests, often round in shape<\/li><li data-section-id=\"d91o2n\" data-start=\"1387\" data-end=\"1436\">aggressive behavior when approaching the nest<\/li><\/ul><p data-start=\"1438\" data-end=\"1565\">If you notice any of these signs, don\u2019t wait. Wasp nest removal in Warsaw requires proper knowledge, experience, and equipment.<\/p>\t\t\t\t\t\t\t\t<\/div>\n\t\t\t\t<\/div>\n\t\t\t\t<div class=\"elementor-element elementor-element-3830dd2 wd-width-100 elementor-widget elementor-widget-wd_title\" data-id=\"3830dd2\" data-element_type=\"widget\" data-e-type=\"widget\" data-widget_type=\"wd_title.default\">\n\t\t\t\t<div class=\"elementor-widget-container\">\n\t\t\t\t\t\t\t<div class=\"title-wrapper wd-set-mb reset-last-child wd-title-color-default wd-title-style-default wd-title-size-default text-center\">\n\n\t\t\t\n\t\t\t<div class=\"liner-continer\">\n\t\t\t\t<h2 class=\"woodmart-title-container title wd-fontsize-l\">HOW DOES WASP NEST REMOVAL IN WARSAW WORK?<br \/>\n<\/h2> \n\t\t\t\t\t\t\t<\/div>\n\n\t\t\t\t\t<\/div>\n\t\t\t\t\t\t<\/div>\n\t\t\t\t<\/div>\n\t\t\t\t<div class=\"elementor-element elementor-element-f41e95e elementor-widget-divider--view-line elementor-invisible elementor-widget elementor-widget-divider\" data-id=\"f41e95e\" data-element_type=\"widget\" data-e-type=\"widget\" data-settings=\"{&quot;_animation&quot;:&quot;fadeIn&quot;}\" data-widget_type=\"divider.default\">\n\t\t\t\t<div class=\"elementor-widget-container\">\n\t\t\t\t\t\t\t<div class=\"elementor-divider\">\n\t\t\t<span class=\"elementor-divider-separator\">\n\t\t\t\t\t\t<\/span>\n\t\t<\/div>\n\t\t\t\t\t\t<\/div>\n\t\t\t\t<\/div>\n\t\t\t\t<div class=\"elementor-element elementor-element-d35c8e3 color-scheme-inherit text-left elementor-widget elementor-widget-text-editor\" data-id=\"d35c8e3\" data-element_type=\"widget\" data-e-type=\"widget\" data-widget_type=\"text-editor.default\">\n\t\t\t\t<div class=\"elementor-widget-container\">\n\t\t\t\t\t\t\t\t\t<p data-start=\"118\" data-end=\"160\"><strong>By choosing Ratodom, you can be sure that:<\/strong><\/p><ul data-start=\"162\" data-end=\"447\"><li data-section-id=\"1wd9ybp\" data-start=\"162\" data-end=\"221\">we quickly locate the nest and assess the level of risk<\/li><li data-section-id=\"5wf0sq\" data-start=\"222\" data-end=\"302\">we select the most effective and safe removal method (spraying, ULV fogging)<\/li><li data-section-id=\"126oflp\" data-start=\"303\" data-end=\"339\">we properly secure the work area<\/li><li data-section-id=\"a6r57e\" data-start=\"340\" data-end=\"387\">we remove the nest and any remaining traces<\/li><li data-section-id=\"11ekva1\" data-start=\"388\" data-end=\"447\">we provide advice on how to prevent future infestations<\/li><\/ul>\t\t\t\t\t\t\t\t<\/div>\n\t\t\t\t<\/div>\n\t\t\t\t\t<\/div>\n\t\t<\/div>\n\t\t\t\t\t<\/div>\n\t\t<\/section>\n\t\t\t\t<section class=\"wd-negative-gap elementor-section elementor-top-section elementor-element elementor-element-6a6a91b elementor-section-boxed elementor-section-height-default elementor-section-height-default\" data-id=\"6a6a91b\" data-element_type=\"section\" data-e-type=\"section\" data-settings=\"{&quot;background_background&quot;:&quot;classic&quot;}\">\n\t\t\t\t\t\t<div class=\"elementor-container elementor-column-gap-no\">\n\t\t\t\t\t<div class=\"elementor-column elementor-col-100 elementor-top-column elementor-element elementor-element-bc5a5e3\" data-id=\"bc5a5e3\" data-element_type=\"column\" data-e-type=\"column\">\n\t\t\t<div class=\"elementor-widget-wrap elementor-element-populated\">\n\t\t\t\t\t\t<div class=\"elementor-element elementor-element-4fe3b33 wd-width-100 elementor-widget elementor-widget-wd_title\" data-id=\"4fe3b33\" data-element_type=\"widget\" data-e-type=\"widget\" data-widget_type=\"wd_title.default\">\n\t\t\t\t<div class=\"elementor-widget-container\">\n\t\t\t\t\t\t\t<div class=\"title-wrapper wd-set-mb reset-last-child wd-title-color-default wd-title-style-default wd-title-size-default text-center\">\n\n\t\t\t\n\t\t\t<div class=\"liner-continer\">\n\t\t\t\t<h2 class=\"woodmart-title-container title wd-fontsize-l\">WASP NEST REMOVAL IN WARSAW \u2013 PRICING<\/h2> \n\t\t\t\t\t\t\t<\/div>\n\n\t\t\t\t\t<\/div>\n\t\t\t\t\t\t<\/div>\n\t\t\t\t<\/div>\n\t\t\t\t<div class=\"elementor-element elementor-element-27e12ba elementor-widget-divider--view-line elementor-invisible elementor-widget elementor-widget-divider\" data-id=\"27e12ba\" data-element_type=\"widget\" data-e-type=\"widget\" data-settings=\"{&quot;_animation&quot;:&quot;fadeIn&quot;}\" data-widget_type=\"divider.default\">\n\t\t\t\t<div class=\"elementor-widget-container\">\n\t\t\t\t\t\t\t<div class=\"elementor-divider\">\n\t\t\t<span class=\"elementor-divider-separator\">\n\t\t\t\t\t\t<\/span>\n\t\t<\/div>\n\t\t\t\t\t\t<\/div>\n\t\t\t\t<\/div>\n\t\t\t\t<div class=\"elementor-element elementor-element-9b8085e color-scheme-inherit text-left elementor-widget elementor-widget-text-editor\" data-id=\"9b8085e\" data-element_type=\"widget\" data-e-type=\"widget\" data-widget_type=\"text-editor.default\">\n\t\t\t\t<div class=\"elementor-widget-container\">\n\t\t\t\t\t\t\t\t\t<p data-start=\"501\" data-end=\"536\"><strong>The cost of the service depends on:<\/strong><\/p><ul data-start=\"538\" data-end=\"688\"><li data-section-id=\"1ut867r\" data-start=\"538\" data-end=\"596\">the location of the nest (easy or difficult to access)<\/li><li data-section-id=\"1e8cyij\" data-start=\"597\" data-end=\"630\">the size and type of the nest<\/li><li data-section-id=\"94ai3w\" data-start=\"631\" data-end=\"688\">the method used (e.g. ULV fogging, pressure spraying)<\/li><\/ul><p data-start=\"690\" data-end=\"793\">Each service is individually priced after a free consultation. We guarantee fair and transparent terms.<\/p>\t\t\t\t\t\t\t\t<\/div>\n\t\t\t\t<\/div>\n\t\t\t\t\t<\/div>\n\t\t<\/div>\n\t\t\t\t\t<\/div>\n\t\t<\/section>\n\t\t\t\t<section class=\"wd-negative-gap elementor-section elementor-top-section elementor-element elementor-element-d183bb6 elementor-section-boxed elementor-section-height-default elementor-section-height-default\" data-id=\"d183bb6\" data-element_type=\"section\" data-e-type=\"section\" data-settings=\"{&quot;background_background&quot;:&quot;classic&quot;}\">\n\t\t\t\t\t\t<div class=\"elementor-container elementor-column-gap-default\">\n\t\t\t\t\t<div class=\"elementor-column elementor-col-50 elementor-top-column elementor-element elementor-element-d893bd8 elementor-invisible\" data-id=\"d893bd8\" data-element_type=\"column\" data-e-type=\"column\" data-settings=\"{&quot;animation&quot;:&quot;fadeIn&quot;}\">\n\t\t\t<div class=\"elementor-widget-wrap elementor-element-populated\">\n\t\t\t\t\t\t<div class=\"elementor-element elementor-element-ce3eb78 elementor-widget elementor-widget-heading\" data-id=\"ce3eb78\" data-element_type=\"widget\" data-e-type=\"widget\" data-widget_type=\"heading.default\">\n\t\t\t\t<div class=\"elementor-widget-container\">\n\t\t\t\t\t<h5 class=\"elementor-heading-title elementor-size-large\">Order wasp nest removal now!<\/h5>\t\t\t\t<\/div>\n\t\t\t\t<\/div>\n\t\t\t\t\t<\/div>\n\t\t<\/div>\n\t\t\t\t<div class=\"elementor-column elementor-col-50 elementor-top-column elementor-element elementor-element-553e168 elementor-invisible\" data-id=\"553e168\" data-element_type=\"column\" data-e-type=\"column\" data-settings=\"{&quot;animation&quot;:&quot;fadeIn&quot;}\">\n\t\t\t<div class=\"elementor-widget-wrap elementor-element-populated\">\n\t\t\t\t\t\t<div class=\"elementor-element elementor-element-2bc2ab6 elementor-align-center popup-En elementor-invisible elementor-widget elementor-widget-button\" data-id=\"2bc2ab6\" data-element_type=\"widget\" data-e-type=\"widget\" data-settings=\"{&quot;_animation&quot;:&quot;fadeIn&quot;}\" data-widget_type=\"button.default\">\n\t\t\t\t<div class=\"elementor-widget-container\">\n\t\t\t\t\t\t\t\t\t<div class=\"elementor-button-wrapper\">\n\t\t\t\t\t<a class=\"elementor-button elementor-button-link elementor-size-lg elementor-animation-pulse\" href=\"#\">\n\t\t\t\t\t\t<span class=\"elementor-button-content-wrapper\">\n\t\t\t\t\t\t\t\t\t<span class=\"elementor-button-text\">BOOK NOW<\/span>\n\t\t\t\t\t<\/span>\n\t\t\t\t\t<\/a>\n\t\t\t\t<\/div>\n\t\t\t\t\t\t\t\t<\/div>\n\t\t\t\t<\/div>\n\t\t\t\t\t<\/div>\n\t\t<\/div>\n\t\t\t\t\t<\/div>\n\t\t<\/section>\n\t\t\t\t<section class=\"wd-negative-gap elementor-section elementor-top-section elementor-element elementor-element-c539834 elementor-section-boxed elementor-section-height-default elementor-section-height-default\" data-id=\"c539834\" data-element_type=\"section\" data-e-type=\"section\" data-settings=\"{&quot;background_background&quot;:&quot;classic&quot;}\">\n\t\t\t\t\t\t<div class=\"elementor-container elementor-column-gap-default\">\n\t\t\t\t\t<div class=\"elementor-column elementor-col-50 elementor-top-column elementor-element elementor-element-494b4d8\" data-id=\"494b4d8\" data-element_type=\"column\" data-e-type=\"column\">\n\t\t\t<div class=\"elementor-widget-wrap elementor-element-populated\">\n\t\t\t\t\t\t<div class=\"elementor-element elementor-element-4365b51 elementor-widget__width-initial elementor-widget elementor-widget-wd_infobox\" data-id=\"4365b51\" data-element_type=\"widget\" data-e-type=\"widget\" data-widget_type=\"wd_infobox.default\">\n\t\t\t\t<div class=\"elementor-widget-container\">\n\t\t\t\t\t\t\t<div class=\"info-box-wrapper\">\n\t\t\t<div class=\"wd-info-box text-left box-icon-align-left box-style-base color-scheme- wd-items-middle\">\n\t\t\t\t\n\t\t\t\t<div class=\"info-box-content\">\n\t\t\t\t\t\n\t\t\t\t\t\t\t\t\t\t\t<h4\t\t\t\t\t\tclass=\"info-box-title title box-title-style-default wd-fontsize-m\" data-elementor-setting-key=\"title\">\n\t\t\t\t\t\t\t\tWE ALSO OFFER ANT CONTROL IN \u0141\u00d3D\u0179\t\t\t\t\t\t<\/h4>\n\t\t\t\t\t\n\t\t\t\t\t<div class=\"info-box-inner reset-last-child\"data-elementor-setting-key=\"content\"><\/div>\n\n\t\t\t\t\t\t\t\t\t<\/div>\n\n\t\t\t\t\t\t\t\t\t<a href=\"#\" class=\"wd-info-box-link wd-fill\" aria-label=\"Infobox link\"><\/a>\n\t\t\t\t\t\t\t<\/div>\n\t\t<\/div>\n\t\t\t\t\t\t<\/div>\n\t\t\t\t<\/div>\n\t\t\t\t\t<\/div>\n\t\t<\/div>\n\t\t\t\t<div class=\"elementor-column elementor-col-50 elementor-top-column elementor-element elementor-element-30510cd\" data-id=\"30510cd\" data-element_type=\"column\" data-e-type=\"column\">\n\t\t\t<div class=\"elementor-widget-wrap elementor-element-populated\">\n\t\t\t\t\t\t<div class=\"elementor-element elementor-element-5b87902 elementor-align-center popup-En elementor-invisible elementor-widget elementor-widget-button\" data-id=\"5b87902\" data-element_type=\"widget\" data-e-type=\"widget\" data-settings=\"{&quot;_animation&quot;:&quot;fadeIn&quot;}\" data-widget_type=\"button.default\">\n\t\t\t\t<div class=\"elementor-widget-container\">\n\t\t\t\t\t\t\t\t\t<div class=\"elementor-button-wrapper\">\n\t\t\t\t\t<a class=\"elementor-button elementor-button-link elementor-size-lg elementor-animation-pulse\" href=\"#\">\n\t\t\t\t\t\t<span class=\"elementor-button-content-wrapper\">\n\t\t\t\t\t\t\t\t\t<span class=\"elementor-button-text\">BOOK NOW<\/span>\n\t\t\t\t\t<\/span>\n\t\t\t\t\t<\/a>\n\t\t\t\t<\/div>\n\t\t\t\t\t\t\t\t<\/div>\n\t\t\t\t<\/div>\n\t\t\t\t\t<\/div>\n\t\t<\/div>\n\t\t\t\t\t<\/div>\n\t\t<\/section>\n\t\t\t\t<\/div>\n\t\t","protected":false},"excerpt":{"rendered":"<p>EFFECTIVENESS GUARANTEE AND SAFETY Wasp Nest Removal in Warsaw \u2013 effective protection from danger Wasp nest removal in Warsaw is<\/p>\n","protected":false},"author":1,"featured_media":0,"parent":0,"menu_order":0,"comment_status":"closed","ping_status":"closed","template":"","meta":{"_monsterinsights_skip_tracking":false,"_monsterinsights_sitenote_active":false,"_monsterinsights_sitenote_note":"","_monsterinsights_sitenote_category":0,"footnotes":""},"class_list":["post-20215","page","type-page","status-publish","hentry"],"_links":{"self":[{"href":"https:\/\/ratodom.pl\/en\/wp-json\/wp\/v2\/pages\/20215","targetHints":{"allow":["GET"]}}],"collection":[{"href":"https:\/\/ratodom.pl\/en\/wp-json\/wp\/v2\/pages"}],"about":[{"href":"https:\/\/ratodom.pl\/en\/wp-json\/wp\/v2\/types\/page"}],"author":[{"embeddable":true,"href":"https:\/\/ratodom.pl\/en\/wp-json\/wp\/v2\/users\/1"}],"replies":[{"embeddable":true,"href":"https:\/\/ratodom.pl\/en\/wp-json\/wp\/v2\/comments?post=20215"}],"version-history":[{"count":31,"href":"https:\/\/ratodom.pl\/en\/wp-json\/wp\/v2\/pages\/20215\/revisions"}],"predecessor-version":[{"id":20433,"href":"https:\/\/ratodom.pl\/en\/wp-json\/wp\/v2\/pages\/20215\/revisions\/20433"}],"wp:attachment":[{"href":"https:\/\/ratodom.pl\/en\/wp-json\/wp\/v2\/media?parent=20215"}],"curies":[{"name":"wp","href":"https:\/\/api.w.org\/{rel}","templated":true}]}}